{"id":935,"date":"2026-03-18T09:07:27","date_gmt":"2026-03-18T09:07:27","guid":{"rendered":"https:\/\/amroesthetic.pl\/?page_id=935"},"modified":"2026-03-18T10:22:34","modified_gmt":"2026-03-18T10:22:34","slug":"depilacja-woskiem","status":"publish","type":"page","link":"https:\/\/amroesthetic.pl\/index.php\/depilacja-woskiem\/","title":{"rendered":"Depilacja woskiem\u200b"},"content":{"rendered":"\t\t<div data-elementor-type=\"wp-page\" data-elementor-id=\"935\" class=\"elementor elementor-935\">\n\t\t\t\t<div class=\"elementor-element elementor-element-d89dd01 e-flex e-con-boxed e-con e-parent\" data-id=\"d89dd01\" data-element_type=\"container\" data-e-type=\"container\" data-settings=\"{&quot;background_background&quot;:&quot;classic&quot;}\">\n\t\t\t\t\t<div class=\"e-con-inner\">\n\t\t<div class=\"elementor-element elementor-element-981eed1 e-con-full e-flex e-con e-child\" data-id=\"981eed1\" data-element_type=\"container\" data-e-type=\"container\" data-settings=\"{&quot;background_background&quot;:&quot;classic&quot;}\">\n\t\t<div class=\"elementor-element elementor-element-478b712 e-con-full e-flex e-con e-child\" data-id=\"478b712\" data-element_type=\"container\" data-e-type=\"container\" data-settings=\"{&quot;background_background&quot;:&quot;classic&quot;}\">\n\t\t<div class=\"elementor-element elementor-element-5cfeeb6 e-con-full e-flex e-con e-child\" data-id=\"5cfeeb6\" data-element_type=\"container\" data-e-type=\"container\" data-settings=\"{&quot;background_background&quot;:&quot;classic&quot;}\">\n\t\t<div class=\"elementor-element elementor-element-5d9c466 e-con-full e-flex e-con e-child\" data-id=\"5d9c466\" data-element_type=\"container\" data-e-type=\"container\" data-settings=\"{&quot;background_background&quot;:&quot;classic&quot;}\">\n\t\t\t\t<div class=\"elementor-element elementor-element-f898ea0 elementor-widget elementor-widget-heading\" data-id=\"f898ea0\" data-element_type=\"widget\" data-e-type=\"widget\" data-widget_type=\"heading.default\">\n\t\t\t\t\t<h1 class=\"elementor-heading-title elementor-size-default\">Depilacja woskiem \u2013 Twoja droga do aksamitnie g\u0142adkiej sk\u00f3ry<\/h1>\t\t\t\t<\/div>\n\t\t\t\t<div class=\"elementor-element elementor-element-12bdeb2 elementor-widget-divider--view-line elementor-widget elementor-widget-divider\" data-id=\"12bdeb2\" data-element_type=\"widget\" data-e-type=\"widget\" data-widget_type=\"divider.default\">\n\t\t\t\t\t\t\t<div class=\"elementor-divider\">\n\t\t\t<span class=\"elementor-divider-separator\">\n\t\t\t\t\t\t<\/span>\n\t\t<\/div>\n\t\t\t\t\t\t<\/div>\n\t\t\t\t<div class=\"elementor-element elementor-element-e933979 elementor-widget elementor-widget-text-editor\" data-id=\"e933979\" data-element_type=\"widget\" data-e-type=\"widget\" data-widget_type=\"text-editor.default\">\n\t\t\t\t\t\t\t\t\t<p>Szybka, skuteczna i profesjonalna metoda usuwania ow\u0142osienia, kt\u00f3ra pozwoli Ci zapomnie\u0107 o maszynce na d\u0142ugie tygodnie.<\/p>\t\t\t\t\t\t\t\t<\/div>\n\t\t\t\t<\/div>\n\t\t\t\t<\/div>\n\t\t\t\t<\/div>\n\t\t\t\t<\/div>\n\t\t\t\t\t<\/div>\n\t\t\t\t<\/div>\n\t\t<div class=\"elementor-element elementor-element-975a8ae e-flex e-con-boxed e-con e-parent\" data-id=\"975a8ae\" data-element_type=\"container\" data-e-type=\"container\">\n\t\t\t\t\t<div class=\"e-con-inner\">\n\t\t<div class=\"elementor-element elementor-element-77a0233 e-con-full e-flex e-con e-child\" data-id=\"77a0233\" data-element_type=\"container\" data-e-type=\"container\">\n\t\t<div class=\"elementor-element elementor-element-00ce245 e-grid e-con-full e-con e-child\" data-id=\"00ce245\" data-element_type=\"container\" data-e-type=\"container\">\n\t\t<div class=\"elementor-element elementor-element-feff171 e-con-full e-flex e-con e-child\" data-id=\"feff171\" data-element_type=\"container\" data-e-type=\"container\">\n\t\t\t\t<div class=\"elementor-element elementor-element-8c5628e elementor-widget elementor-widget-heading\" data-id=\"8c5628e\" data-element_type=\"widget\" data-e-type=\"widget\" data-widget_type=\"heading.default\">\n\t\t\t\t\t<h2 class=\"elementor-heading-title elementor-size-default\">Dlaczego warto wybra\u0107 depilacj\u0119 woskiem w Amro Esthetic?<\/h2>\t\t\t\t<\/div>\n\t\t\t\t<div class=\"elementor-element elementor-element-cdcb977 elementor-widget elementor-widget-text-editor\" data-id=\"cdcb977\" data-element_type=\"widget\" data-e-type=\"widget\" data-widget_type=\"text-editor.default\">\n\t\t\t\t\t\t\t\t\t<p data-path-to-node=\"6\">Sekret skuteczno\u015bci tej metody tkwi w usuwaniu w\u0142osa wraz z cebulk\u0105. W przeciwie\u0144stwie do domowych sposob\u00f3w, depilacja profesjonalnym woskiem gwarantuje:<\/p><ul data-path-to-node=\"7\"><li><p data-path-to-node=\"7,0,0\"><b data-path-to-node=\"7,0,0\" data-index-in-node=\"0\">D\u0142ugotrwa\u0142y efekt:<\/b> Ciesz si\u0119 g\u0142adko\u015bci\u0105 od 3 do nawet 6 tygodni.<\/p><\/li><li><p data-path-to-node=\"7,1,0\"><b data-path-to-node=\"7,1,0\" data-index-in-node=\"0\">S\u0142absze odrastanie:<\/b> Regularne zabiegi sprawiaj\u0105, \u017ce nowe w\u0142oski s\u0105 cie\u0144sze, rzadsze i mniej widoczne.<\/p><\/li><li><p data-path-to-node=\"7,2,0\"><b data-path-to-node=\"7,2,0\" data-index-in-node=\"0\">Piel\u0119gnacj\u0119 2 w 1:<\/b> Wosk dzia\u0142a jak delikatny peeling, usuwaj\u0105c martwy nask\u00f3rek i pozostawiaj\u0105c sk\u00f3r\u0119 niezwykle mi\u0119kk\u0105.<\/p><\/li><li><p data-path-to-node=\"7,3,0\"><b data-path-to-node=\"7,3,0\" data-index-in-node=\"0\">Komfort dla wra\u017cliwych:<\/b> Stosujemy odpowiednio dobrane rodzaje wosku, bezpieczne nawet dla sk\u00f3ry sk\u0142onnej do podra\u017cnie\u0144.<\/p><\/li><\/ul>\t\t\t\t\t\t\t\t<\/div>\n\t\t\t\t<\/div>\n\t\t\t\t<div class=\"elementor-element elementor-element-2478e84 elementor-widget elementor-widget-image\" data-id=\"2478e84\" data-element_type=\"widget\" data-e-type=\"widget\" data-widget_type=\"image.default\">\n\t\t\t\t\t\t\t\t\t\t\t\t\t\t\t<img fetchpriority=\"high\" decoding=\"async\" width=\"1024\" height=\"683\" src=\"https:\/\/amroesthetic.pl\/wp-content\/uploads\/2026\/03\/DEPILACJA-WOSKIEM-1024x683.jpg\" class=\"attachment-large size-large wp-image-929\" alt=\"\" srcset=\"https:\/\/amroesthetic.pl\/wp-content\/uploads\/2026\/03\/DEPILACJA-WOSKIEM-1024x683.jpg 1024w, https:\/\/amroesthetic.pl\/wp-content\/uploads\/2026\/03\/DEPILACJA-WOSKIEM-300x200.jpg 300w, https:\/\/amroesthetic.pl\/wp-content\/uploads\/2026\/03\/DEPILACJA-WOSKIEM-768x512.jpg 768w, https:\/\/amroesthetic.pl\/wp-content\/uploads\/2026\/03\/DEPILACJA-WOSKIEM-1536x1025.jpg 1536w, https:\/\/amroesthetic.pl\/wp-content\/uploads\/2026\/03\/DEPILACJA-WOSKIEM-2048x1367.jpg 2048w\" sizes=\"(max-width: 1024px) 100vw, 1024px\" \/>\t\t\t\t\t\t\t\t\t\t\t\t\t\t\t<\/div>\n\t\t\t\t<\/div>\n\t\t\t\t<\/div>\n\t\t\t\t\t<\/div>\n\t\t\t\t<\/div>\n\t\t<div class=\"elementor-element elementor-element-55f18d1 e-flex e-con-boxed e-con e-parent\" data-id=\"55f18d1\" data-element_type=\"container\" data-e-type=\"container\" data-settings=\"{&quot;background_background&quot;:&quot;classic&quot;}\">\n\t\t\t\t\t<div class=\"e-con-inner\">\n\t\t<div class=\"elementor-element elementor-element-4cfd5b7 e-con-full e-flex e-con e-child\" data-id=\"4cfd5b7\" data-element_type=\"container\" data-e-type=\"container\" data-settings=\"{&quot;background_background&quot;:&quot;classic&quot;}\">\n\t\t<div class=\"elementor-element elementor-element-1bdfc44 e-con-full e-flex e-con e-child\" data-id=\"1bdfc44\" data-element_type=\"container\" data-e-type=\"container\" data-settings=\"{&quot;background_background&quot;:&quot;classic&quot;}\">\n\t\t<div class=\"elementor-element elementor-element-f3ea3a4 e-con-full e-flex e-con e-child\" data-id=\"f3ea3a4\" data-element_type=\"container\" data-e-type=\"container\">\n\t\t\t\t<div class=\"elementor-element elementor-element-d6e37c0 elementor-widget elementor-widget-heading\" data-id=\"d6e37c0\" data-element_type=\"widget\" data-e-type=\"widget\" data-widget_type=\"heading.default\">\n\t\t\t\t\t<h2 class=\"elementor-heading-title elementor-size-default\">Jakie obszary cia\u0142a mo\u017cemy wydepilowa\u0107?<\/h2>\t\t\t\t<\/div>\n\t\t\t\t<div class=\"elementor-element elementor-element-0e021cc elementor-icon-list--layout-traditional elementor-list-item-link-full_width elementor-widget elementor-widget-icon-list\" data-id=\"0e021cc\" data-element_type=\"widget\" data-e-type=\"widget\" data-widget_type=\"icon-list.default\">\n\t\t\t\t\t\t\t<ul class=\"elementor-icon-list-items\">\n\t\t\t\t\t\t\t<li class=\"elementor-icon-list-item\">\n\t\t\t\t\t\t\t\t\t\t\t<span class=\"elementor-icon-list-icon\">\n\t\t\t\t\t\t\t<svg aria-hidden=\"true\" class=\"e-font-icon-svg e-fas-check\" viewBox=\"0 0 512 512\" xmlns=\"http:\/\/www.w3.org\/2000\/svg\"><path d=\"M173.898 439.404l-166.4-166.4c-9.997-9.997-9.997-26.206 0-36.204l36.203-36.204c9.997-9.998 26.207-9.998 36.204 0L192 312.69 432.095 72.596c9.997-9.997 26.207-9.997 36.204 0l36.203 36.204c9.997 9.997 9.997 26.206 0 36.204l-294.4 294.401c-9.998 9.997-26.207 9.997-36.204-.001z\"><\/path><\/svg>\t\t\t\t\t\t<\/span>\n\t\t\t\t\t\t\t\t\t\t<span class=\"elementor-icon-list-text\">Twarz: Regulacja brwi, usuwanie w\u0105sika oraz w\u0142osk\u00f3w z policzk\u00f3w.<\/span>\n\t\t\t\t\t\t\t\t\t<\/li>\n\t\t\t\t\t\t\t\t<li class=\"elementor-icon-list-item\">\n\t\t\t\t\t\t\t\t\t\t\t<span class=\"elementor-icon-list-icon\">\n\t\t\t\t\t\t\t<svg aria-hidden=\"true\" class=\"e-font-icon-svg e-fas-check\" viewBox=\"0 0 512 512\" xmlns=\"http:\/\/www.w3.org\/2000\/svg\"><path d=\"M173.898 439.404l-166.4-166.4c-9.997-9.997-9.997-26.206 0-36.204l36.203-36.204c9.997-9.998 26.207-9.998 36.204 0L192 312.69 432.095 72.596c9.997-9.997 26.207-9.997 36.204 0l36.203 36.204c9.997 9.997 9.997 26.206 0 36.204l-294.4 294.401c-9.998 9.997-26.207 9.997-36.204-.001z\"><\/path><\/svg>\t\t\t\t\t\t<\/span>\n\t\t\t\t\t\t\t\t\t\t<span class=\"elementor-icon-list-text\">G\u00f3rne partie: Pachy, r\u0119ce oraz plecy.<\/span>\n\t\t\t\t\t\t\t\t\t<\/li>\n\t\t\t\t\t\t\t\t<li class=\"elementor-icon-list-item\">\n\t\t\t\t\t\t\t\t\t\t\t<span class=\"elementor-icon-list-icon\">\n\t\t\t\t\t\t\t<svg aria-hidden=\"true\" class=\"e-font-icon-svg e-fas-check\" viewBox=\"0 0 512 512\" xmlns=\"http:\/\/www.w3.org\/2000\/svg\"><path d=\"M173.898 439.404l-166.4-166.4c-9.997-9.997-9.997-26.206 0-36.204l36.203-36.204c9.997-9.998 26.207-9.998 36.204 0L192 312.69 432.095 72.596c9.997-9.997 26.207-9.997 36.204 0l36.203 36.204c9.997 9.997 9.997 26.206 0 36.204l-294.4 294.401c-9.998 9.997-26.207 9.997-36.204-.001z\"><\/path><\/svg>\t\t\t\t\t\t<\/span>\n\t\t\t\t\t\t\t\t\t\t<span class=\"elementor-icon-list-text\">Dolne partie: Ca\u0142e nogi, uda, \u0142ydki oraz stopy.<\/span>\n\t\t\t\t\t\t\t\t\t<\/li>\n\t\t\t\t\t\t\t\t<li class=\"elementor-icon-list-item\">\n\t\t\t\t\t\t\t\t\t\t\t<span class=\"elementor-icon-list-icon\">\n\t\t\t\t\t\t\t<svg aria-hidden=\"true\" class=\"e-font-icon-svg e-fas-check\" viewBox=\"0 0 512 512\" xmlns=\"http:\/\/www.w3.org\/2000\/svg\"><path d=\"M173.898 439.404l-166.4-166.4c-9.997-9.997-9.997-26.206 0-36.204l36.203-36.204c9.997-9.998 26.207-9.998 36.204 0L192 312.69 432.095 72.596c9.997-9.997 26.207-9.997 36.204 0l36.203 36.204c9.997 9.997 9.997 26.206 0 36.204l-294.4 294.401c-9.998 9.997-26.207 9.997-36.204-.001z\"><\/path><\/svg>\t\t\t\t\t\t<\/span>\n\t\t\t\t\t\t\t\t\t\t<span class=\"elementor-icon-list-text\">Okolice bikini: Oferujemy depilacj\u0119 klasyczn\u0105, g\u0142\u0119bok\u0105 oraz ca\u0142kowit\u0105.<\/span>\n\t\t\t\t\t\t\t\t\t<\/li>\n\t\t\t\t\t\t<\/ul>\n\t\t\t\t\t\t<\/div>\n\t\t\t\t<\/div>\n\t\t\t\t<\/div>\n\t\t\t\t<\/div>\n\t\t\t\t\t<\/div>\n\t\t\t\t<\/div>\n\t\t<div class=\"elementor-element elementor-element-4ca91bf e-flex e-con-boxed e-con e-parent\" data-id=\"4ca91bf\" data-element_type=\"container\" data-e-type=\"container\">\n\t\t\t\t\t<div class=\"e-con-inner\">\n\t\t<div class=\"elementor-element elementor-element-e8ae74d e-con-full e-flex e-con e-child\" data-id=\"e8ae74d\" data-element_type=\"container\" data-e-type=\"container\">\n\t\t<div class=\"elementor-element elementor-element-c267655 e-con-full e-flex e-con e-child\" data-id=\"c267655\" data-element_type=\"container\" data-e-type=\"container\">\n\t\t<div class=\"elementor-element elementor-element-0f0ab39 e-con-full e-flex e-con e-child\" data-id=\"0f0ab39\" data-element_type=\"container\" data-e-type=\"container\">\n\t\t<div class=\"elementor-element elementor-element-1503288 e-con-full e-flex e-con e-child\" data-id=\"1503288\" data-element_type=\"container\" data-e-type=\"container\">\n\t\t\t\t<div class=\"elementor-element elementor-element-1f05cbd elementor-widget elementor-widget-heading\" data-id=\"1f05cbd\" data-element_type=\"widget\" data-e-type=\"widget\" data-widget_type=\"heading.default\">\n\t\t\t\t\t<h2 class=\"elementor-heading-title elementor-size-default\">Jak wygl\u0105da przebieg wizyty?<\/h2>\t\t\t\t<\/div>\n\t\t\t\t<div class=\"elementor-element elementor-element-f2a247b elementor-widget elementor-widget-text-editor\" data-id=\"f2a247b\" data-element_type=\"widget\" data-e-type=\"widget\" data-widget_type=\"text-editor.default\">\n\t\t\t\t\t\t\t\t\t<p data-path-to-node=\"14\">Zabieg trwa od 5 do 60 minut, zale\u017cnie od wybranego obszaru:<\/p><ol start=\"1\" data-path-to-node=\"15\"><li><p data-path-to-node=\"15,0,0\"><b data-path-to-node=\"15,0,0\" data-index-in-node=\"0\">Oczyszczanie:<\/b> Sk\u00f3ra jest dok\u0142adnie odt\u0142uszczana i przygotowywana do aplikacji.<\/p><\/li><li><p data-path-to-node=\"15,1,0\"><b data-path-to-node=\"15,1,0\" data-index-in-node=\"0\">Aplikacja:<\/b> Nak\u0142adamy ciep\u0142y wosk, a nast\u0119pnie sprawnym ruchem usuwamy go wraz z niechcianym ow\u0142osieniem.<\/p><\/li><li><p data-path-to-node=\"15,2,0\"><b data-path-to-node=\"15,2,0\" data-index-in-node=\"0\">Ukojenie:<\/b> Po zabiegu nak\u0142adamy preparat przeciwzapalny i \u0142agodz\u0105cy, kt\u00f3ry b\u0142yskawicznie redukuje zaczerwienienia.<\/p><\/li><\/ol>\t\t\t\t\t\t\t\t<\/div>\n\t\t\t\t<\/div>\n\t\t\t\t<\/div>\n\t\t\t\t<\/div>\n\t\t\t\t<\/div>\n\t\t\t\t\t<\/div>\n\t\t\t\t<\/div>\n\t\t\t\t<\/div>\n\t\t","protected":false},"excerpt":{"rendered":"<p>Depilacja woskiem \u2013 Twoja droga do aksamitnie g\u0142adkiej sk\u00f3ry Szybka, skuteczna i profesjonalna metoda usuwania ow\u0142osienia, kt\u00f3ra pozwoli Ci zapomnie\u0107 [&hellip;]<\/p>\n","protected":false},"author":1,"featured_media":0,"parent":0,"menu_order":0,"comment_status":"closed","ping_status":"closed","template":"","meta":{"site-sidebar-layout":"no-sidebar","site-content-layout":"","ast-site-content-layout":"full-width-container","site-content-style":"default","site-sidebar-style":"default","ast-global-header-display":"","ast-banner-title-visibility":"","ast-main-header-display":"","ast-hfb-above-header-display":"","ast-hfb-below-header-display":"","ast-hfb-mobile-header-display":"","site-post-title":"disabled","ast-breadcrumbs-content":"","ast-featured-img":"disabled","footer-sml-layout":"","ast-disable-related-posts":"","theme-transparent-header-meta":"","adv-header-id-meta":"","stick-header-meta":"","header-above-stick-meta":"","header-main-stick-meta":"","header-below-stick-meta":"","astra-migrate-meta-layouts":"default","ast-page-background-enabled":"default","ast-page-background-meta":{"desktop":{"background-color":"var(--ast-global-color-5)","background-image":"","background-repeat":"repeat","background-position":"center center","background-size":"auto","background-attachment":"scroll","background-type":"","background-media":"","overlay-type":"","overlay-color":"","overlay-opacity":"","overlay-gradient":""},"tablet":{"background-color":"","background-image":"","background-repeat":"repeat","background-position":"center center","background-size":"auto","background-attachment":"scroll","background-type":"","background-media":"","overlay-type":"","overlay-color":"","overlay-opacity":"","overlay-gradient":""},"mobile":{"background-color":"","background-image":"","background-repeat":"repeat","background-position":"center center","background-size":"auto","background-attachment":"scroll","background-type":"","background-media":"","overlay-type":"","overlay-color":"","overlay-opacity":"","overlay-gradient":""}},"ast-content-background-meta":{"desktop":{"background-color":"var(--ast-global-color-4)","background-image":"","background-repeat":"repeat","background-position":"center center","background-size":"auto","background-attachment":"scroll","background-type":"","background-media":"","overlay-type":"","overlay-color":"","overlay-opacity":"","overlay-gradient":""},"tablet":{"background-color":"var(--ast-global-color-4)","background-image":"","background-repeat":"repeat","background-position":"center center","background-size":"auto","background-attachment":"scroll","background-type":"","background-media":"","overlay-type":"","overlay-color":"","overlay-opacity":"","overlay-gradient":""},"mobile":{"background-color":"var(--ast-global-color-4)","background-image":"","background-repeat":"repeat","background-position":"center center","background-size":"auto","background-attachment":"scroll","background-type":"","background-media":"","overlay-type":"","overlay-color":"","overlay-opacity":"","overlay-gradient":""}},"footnotes":""},"class_list":["post-935","page","type-page","status-publish","hentry"],"yoast_head":"<!-- This site is optimized with the Yoast SEO plugin v27.4 - https:\/\/yoast.com\/product\/yoast-seo-wordpress\/ -->\n<title>Depilacja woskiem\u200b -<\/title>\n<meta name=\"robots\" content=\"index, follow, max-snippet:-1, max-image-preview:large, max-video-preview:-1\" \/>\n<link rel=\"canonical\" href=\"https:\/\/amroesthetic.pl\/index.php\/depilacja-woskiem\/\" \/>\n<meta property=\"og:locale\" content=\"pl_PL\" \/>\n<meta property=\"og:type\" content=\"article\" \/>\n<meta property=\"og:title\" content=\"Depilacja woskiem\u200b -\" \/>\n<meta property=\"og:description\" content=\"Depilacja woskiem \u2013 Twoja droga do aksamitnie g\u0142adkiej sk\u00f3ry Szybka, skuteczna i profesjonalna metoda usuwania ow\u0142osienia, kt\u00f3ra pozwoli Ci zapomnie\u0107 [&hellip;]\" \/>\n<meta property=\"og:url\" content=\"https:\/\/amroesthetic.pl\/index.php\/depilacja-woskiem\/\" \/>\n<meta property=\"article:publisher\" content=\"https:\/\/www.facebook.com\/amroestheticpl\" \/>\n<meta property=\"article:modified_time\" content=\"2026-03-18T10:22:34+00:00\" \/>\n<meta property=\"og:image\" content=\"https:\/\/amroesthetic.pl\/wp-content\/uploads\/2026\/03\/DEPILACJA-WOSKIEM-1024x683.jpg\" \/>\n<meta name=\"twitter:card\" content=\"summary_large_image\" \/>\n<meta name=\"twitter:label1\" content=\"Szacowany czas czytania\" \/>\n\t<meta name=\"twitter:data1\" content=\"2 minuty\" \/>\n<script type=\"application\/ld+json\" class=\"yoast-schema-graph\">{\"@context\":\"https:\\\/\\\/schema.org\",\"@graph\":[{\"@type\":\"WebPage\",\"@id\":\"https:\\\/\\\/amroesthetic.pl\\\/index.php\\\/depilacja-woskiem\\\/\",\"url\":\"https:\\\/\\\/amroesthetic.pl\\\/index.php\\\/depilacja-woskiem\\\/\",\"name\":\"Depilacja woskiem\u200b -\",\"isPartOf\":{\"@id\":\"https:\\\/\\\/amroesthetic.pl\\\/#website\"},\"primaryImageOfPage\":{\"@id\":\"https:\\\/\\\/amroesthetic.pl\\\/index.php\\\/depilacja-woskiem\\\/#primaryimage\"},\"image\":{\"@id\":\"https:\\\/\\\/amroesthetic.pl\\\/index.php\\\/depilacja-woskiem\\\/#primaryimage\"},\"thumbnailUrl\":\"https:\\\/\\\/amroesthetic.pl\\\/wp-content\\\/uploads\\\/2026\\\/03\\\/DEPILACJA-WOSKIEM-1024x683.jpg\",\"datePublished\":\"2026-03-18T09:07:27+00:00\",\"dateModified\":\"2026-03-18T10:22:34+00:00\",\"breadcrumb\":{\"@id\":\"https:\\\/\\\/amroesthetic.pl\\\/index.php\\\/depilacja-woskiem\\\/#breadcrumb\"},\"inLanguage\":\"pl-PL\",\"potentialAction\":[{\"@type\":\"ReadAction\",\"target\":[\"https:\\\/\\\/amroesthetic.pl\\\/index.php\\\/depilacja-woskiem\\\/\"]}]},{\"@type\":\"ImageObject\",\"inLanguage\":\"pl-PL\",\"@id\":\"https:\\\/\\\/amroesthetic.pl\\\/index.php\\\/depilacja-woskiem\\\/#primaryimage\",\"url\":\"https:\\\/\\\/amroesthetic.pl\\\/wp-content\\\/uploads\\\/2026\\\/03\\\/DEPILACJA-WOSKIEM.jpg\",\"contentUrl\":\"https:\\\/\\\/amroesthetic.pl\\\/wp-content\\\/uploads\\\/2026\\\/03\\\/DEPILACJA-WOSKIEM.jpg\",\"width\":2119,\"height\":1414,\"caption\":\"Young beautiful female client getting hot sugar wax epilation on upper lip of face in salon. Depilation with sugar paste.\"},{\"@type\":\"BreadcrumbList\",\"@id\":\"https:\\\/\\\/amroesthetic.pl\\\/index.php\\\/depilacja-woskiem\\\/#breadcrumb\",\"itemListElement\":[{\"@type\":\"ListItem\",\"position\":1,\"name\":\"Strona g\u0142\u00f3wna\",\"item\":\"https:\\\/\\\/amroesthetic.pl\\\/\"},{\"@type\":\"ListItem\",\"position\":2,\"name\":\"Depilacja woskiem\u200b\"}]},{\"@type\":\"WebSite\",\"@id\":\"https:\\\/\\\/amroesthetic.pl\\\/#website\",\"url\":\"https:\\\/\\\/amroesthetic.pl\\\/\",\"name\":\"http:\\\/\\\/amroesthetic.pl\\\/\",\"description\":\"Amro Esthetic\",\"publisher\":{\"@id\":\"https:\\\/\\\/amroesthetic.pl\\\/#organization\"},\"potentialAction\":[{\"@type\":\"SearchAction\",\"target\":{\"@type\":\"EntryPoint\",\"urlTemplate\":\"https:\\\/\\\/amroesthetic.pl\\\/?s={search_term_string}\"},\"query-input\":{\"@type\":\"PropertyValueSpecification\",\"valueRequired\":true,\"valueName\":\"search_term_string\"}}],\"inLanguage\":\"pl-PL\"},{\"@type\":\"Organization\",\"@id\":\"https:\\\/\\\/amroesthetic.pl\\\/#organization\",\"name\":\"Amro Esthetic\",\"url\":\"https:\\\/\\\/amroesthetic.pl\\\/\",\"logo\":{\"@type\":\"ImageObject\",\"inLanguage\":\"pl-PL\",\"@id\":\"https:\\\/\\\/amroesthetic.pl\\\/#\\\/schema\\\/logo\\\/image\\\/\",\"url\":\"https:\\\/\\\/amroesthetic.pl\\\/wp-content\\\/uploads\\\/2026\\\/02\\\/cropped-cropped-LOGO-BIALE.png\",\"contentUrl\":\"https:\\\/\\\/amroesthetic.pl\\\/wp-content\\\/uploads\\\/2026\\\/02\\\/cropped-cropped-LOGO-BIALE.png\",\"width\":709,\"height\":709,\"caption\":\"Amro Esthetic\"},\"image\":{\"@id\":\"https:\\\/\\\/amroesthetic.pl\\\/#\\\/schema\\\/logo\\\/image\\\/\"},\"sameAs\":[\"https:\\\/\\\/www.facebook.com\\\/amroestheticpl\"]}]}<\/script>\n<!-- \/ Yoast SEO plugin. -->","yoast_head_json":{"title":"Depilacja woskiem\u200b -","robots":{"index":"index","follow":"follow","max-snippet":"max-snippet:-1","max-image-preview":"max-image-preview:large","max-video-preview":"max-video-preview:-1"},"canonical":"https:\/\/amroesthetic.pl\/index.php\/depilacja-woskiem\/","og_locale":"pl_PL","og_type":"article","og_title":"Depilacja woskiem\u200b -","og_description":"Depilacja woskiem \u2013 Twoja droga do aksamitnie g\u0142adkiej sk\u00f3ry Szybka, skuteczna i profesjonalna metoda usuwania ow\u0142osienia, kt\u00f3ra pozwoli Ci zapomnie\u0107 [&hellip;]","og_url":"https:\/\/amroesthetic.pl\/index.php\/depilacja-woskiem\/","article_publisher":"https:\/\/www.facebook.com\/amroestheticpl","article_modified_time":"2026-03-18T10:22:34+00:00","og_image":[{"url":"https:\/\/amroesthetic.pl\/wp-content\/uploads\/2026\/03\/DEPILACJA-WOSKIEM-1024x683.jpg","type":"","width":"","height":""}],"twitter_card":"summary_large_image","twitter_misc":{"Szacowany czas czytania":"2 minuty"},"schema":{"@context":"https:\/\/schema.org","@graph":[{"@type":"WebPage","@id":"https:\/\/amroesthetic.pl\/index.php\/depilacja-woskiem\/","url":"https:\/\/amroesthetic.pl\/index.php\/depilacja-woskiem\/","name":"Depilacja woskiem\u200b -","isPartOf":{"@id":"https:\/\/amroesthetic.pl\/#website"},"primaryImageOfPage":{"@id":"https:\/\/amroesthetic.pl\/index.php\/depilacja-woskiem\/#primaryimage"},"image":{"@id":"https:\/\/amroesthetic.pl\/index.php\/depilacja-woskiem\/#primaryimage"},"thumbnailUrl":"https:\/\/amroesthetic.pl\/wp-content\/uploads\/2026\/03\/DEPILACJA-WOSKIEM-1024x683.jpg","datePublished":"2026-03-18T09:07:27+00:00","dateModified":"2026-03-18T10:22:34+00:00","breadcrumb":{"@id":"https:\/\/amroesthetic.pl\/index.php\/depilacja-woskiem\/#breadcrumb"},"inLanguage":"pl-PL","potentialAction":[{"@type":"ReadAction","target":["https:\/\/amroesthetic.pl\/index.php\/depilacja-woskiem\/"]}]},{"@type":"ImageObject","inLanguage":"pl-PL","@id":"https:\/\/amroesthetic.pl\/index.php\/depilacja-woskiem\/#primaryimage","url":"https:\/\/amroesthetic.pl\/wp-content\/uploads\/2026\/03\/DEPILACJA-WOSKIEM.jpg","contentUrl":"https:\/\/amroesthetic.pl\/wp-content\/uploads\/2026\/03\/DEPILACJA-WOSKIEM.jpg","width":2119,"height":1414,"caption":"Young beautiful female client getting hot sugar wax epilation on upper lip of face in salon. Depilation with sugar paste."},{"@type":"BreadcrumbList","@id":"https:\/\/amroesthetic.pl\/index.php\/depilacja-woskiem\/#breadcrumb","itemListElement":[{"@type":"ListItem","position":1,"name":"Strona g\u0142\u00f3wna","item":"https:\/\/amroesthetic.pl\/"},{"@type":"ListItem","position":2,"name":"Depilacja woskiem\u200b"}]},{"@type":"WebSite","@id":"https:\/\/amroesthetic.pl\/#website","url":"https:\/\/amroesthetic.pl\/","name":"http:\/\/amroesthetic.pl\/","description":"Amro Esthetic","publisher":{"@id":"https:\/\/amroesthetic.pl\/#organization"},"potentialAction":[{"@type":"SearchAction","target":{"@type":"EntryPoint","urlTemplate":"https:\/\/amroesthetic.pl\/?s={search_term_string}"},"query-input":{"@type":"PropertyValueSpecification","valueRequired":true,"valueName":"search_term_string"}}],"inLanguage":"pl-PL"},{"@type":"Organization","@id":"https:\/\/amroesthetic.pl\/#organization","name":"Amro Esthetic","url":"https:\/\/amroesthetic.pl\/","logo":{"@type":"ImageObject","inLanguage":"pl-PL","@id":"https:\/\/amroesthetic.pl\/#\/schema\/logo\/image\/","url":"https:\/\/amroesthetic.pl\/wp-content\/uploads\/2026\/02\/cropped-cropped-LOGO-BIALE.png","contentUrl":"https:\/\/amroesthetic.pl\/wp-content\/uploads\/2026\/02\/cropped-cropped-LOGO-BIALE.png","width":709,"height":709,"caption":"Amro Esthetic"},"image":{"@id":"https:\/\/amroesthetic.pl\/#\/schema\/logo\/image\/"},"sameAs":["https:\/\/www.facebook.com\/amroestheticpl"]}]}},"_links":{"self":[{"href":"https:\/\/amroesthetic.pl\/index.php\/wp-json\/wp\/v2\/pages\/935","targetHints":{"allow":["GET"]}}],"collection":[{"href":"https:\/\/amroesthetic.pl\/index.php\/wp-json\/wp\/v2\/pages"}],"about":[{"href":"https:\/\/amroesthetic.pl\/index.php\/wp-json\/wp\/v2\/types\/page"}],"author":[{"embeddable":true,"href":"https:\/\/amroesthetic.pl\/index.php\/wp-json\/wp\/v2\/users\/1"}],"replies":[{"embeddable":true,"href":"https:\/\/amroesthetic.pl\/index.php\/wp-json\/wp\/v2\/comments?post=935"}],"version-history":[{"count":5,"href":"https:\/\/amroesthetic.pl\/index.php\/wp-json\/wp\/v2\/pages\/935\/revisions"}],"predecessor-version":[{"id":999,"href":"https:\/\/amroesthetic.pl\/index.php\/wp-json\/wp\/v2\/pages\/935\/revisions\/999"}],"wp:attachment":[{"href":"https:\/\/amroesthetic.pl\/index.php\/wp-json\/wp\/v2\/media?parent=935"}],"curies":[{"name":"wp","href":"https:\/\/api.w.org\/{rel}","templated":true}]}}